{"id":11080,"date":"2022-08-24T16:59:18","date_gmt":"2022-08-24T16:59:18","guid":{"rendered":"https:\/\/tcaa.taxconsult.be\/services\/"},"modified":"2023-10-13T10:07:10","modified_gmt":"2023-10-13T10:07:10","slug":"services","status":"publish","type":"page","link":"https:\/\/www.taxconsult.be\/fr\/services\/","title":{"rendered":"Services"},"content":{"rendered":"\t\t<div data-elementor-type=\"wp-page\" data-elementor-id=\"11080\" class=\"elementor elementor-11080 elementor-23\" data-elementor-post-type=\"page\">\n\t\t\t\t\t\t<section class=\"elementor-section elementor-top-section elementor-element elementor-element-6f99ddc elementor-section-full_width elementor-section-height-default elementor-section-height-default elementor-invisible\" data-id=\"6f99ddc\" data-element_type=\"section\" data-e-type=\"section\" data-settings=\"{&quot;animation&quot;:&quot;fadeInUp&quot;}\">\n\t\t\t\t\t\t<div class=\"elementor-container elementor-column-gap-no\">\n\t\t\t\t\t<div class=\"elementor-column elementor-col-100 elementor-top-column elementor-element elementor-element-39bc17e\" data-id=\"39bc17e\" data-element_type=\"column\" data-e-type=\"column\">\n\t\t\t<div class=\"elementor-widget-wrap elementor-element-populated\">\n\t\t\t\t\t\t<div class=\"elementor-element elementor-element-c610bd9 elementor-widget elementor-widget-shortcode\" data-id=\"c610bd9\" data-element_type=\"widget\" data-e-type=\"widget\" data-widget_type=\"shortcode.default\">\n\t\t\t\t<div class=\"elementor-widget-container\">\n\t\t\t\t\t\t\t<div class=\"elementor-shortcode\"><div class=\"services-wrap bl\">\n                <div class=\"services-inner max-width\">\n                \t<div class=\"services-inner-bl\"><div class=\"services-bl\">\n                <div class=\"services-img\">\n                <img decoding=\"async\" src=\"https:\/\/www.taxconsult.be\/wp-content\/uploads\/2022\/07\/BenjaminBrolet_0424__.jpeg\">\n                <\/div>\n                <div class=\"services-title\">\n                    Accountancy\n                <\/div>\n                <div class=\"services-desc\">\n                  <div class=\"services-desc-content\">\n                    Le d\u00e9partement Accountancy se veut \u00eatre le bras droit du client et l\u2019accompagner dans tous ses projets professionnels et patrimoniaux.\r\n\r\n\n                  <\/div>\n                  <div class=\"services-cta\">\n                    <a class=\"btn\" href=\"https:\/\/www.taxconsult.be\/fr\/services\/accountancy\/\">Lire la suite<\/a>\n                  <\/div>\n                <\/div>\n                <\/div><div class=\"services-bl\">\n                <div class=\"services-img\">\n                <img decoding=\"async\" src=\"https:\/\/www.taxconsult.be\/wp-content\/uploads\/2022\/07\/BEN_6720__.jpeg\">\n                <\/div>\n                <div class=\"services-title\">\n                    Tax Advisory\n                <\/div>\n                <div class=\"services-desc\">\n                  <div class=\"services-desc-content\">\n                    Nos conseils fiscaux s\u00e9lectionn\u00e9s pour leur haut niveau de comp\u00e9tences et s\u2019appuyant non seulement sur une documentation professionnelle sp\u00e9cialis\u00e9e tant belge qu\u2019internationale.\n                  <\/div>\n                  <div class=\"services-cta\">\n                    <a class=\"btn\" href=\"https:\/\/www.taxconsult.be\/fr\/services\/tax-advisory-transfer-pricing\/\">Lire la suite<\/a>\n                  <\/div>\n                <\/div>\n                <\/div><div class=\"services-bl\">\n                <div class=\"services-img\">\n                <img decoding=\"async\" src=\"https:\/\/www.taxconsult.be\/wp-content\/uploads\/2022\/07\/BenjaminBrolet_0492__-1024x522-1.jpeg\">\n                <\/div>\n                <div class=\"services-title\">\n                    VAT\n                <\/div>\n                <div class=\"services-desc\">\n                  <div class=\"services-desc-content\">\n                    La TVA est devenue une pr\u00e9occupation fondamentale pour toute entreprise que celle-ci exerce une activit\u00e9 sur le seul territoire national, \u00e0 l\u2019international ou encore au sein d\u2019un groupe.\n                  <\/div>\n                  <div class=\"services-cta\">\n                    <a class=\"btn\" href=\"https:\/\/www.taxconsult.be\/fr\/services\/vat\/\">Lire la suite<\/a>\n                  <\/div>\n                <\/div>\n                <\/div><\/div><\/div>\n        <\/div><\/div>\n\t\t\t\t\t\t<\/div>\n\t\t\t\t<\/div>\n\t\t\t\t\t<\/div>\n\t\t<\/div>\n\t\t\t\t\t<\/div>\n\t\t<\/section>\n\t\t\t\t<section class=\"elementor-section elementor-top-section elementor-element elementor-element-816b25b progression-left elementor-section-boxed elementor-section-height-default elementor-section-height-default\" data-id=\"816b25b\" data-element_type=\"section\" data-e-type=\"section\">\n\t\t\t\t\t\t<div class=\"elementor-container elementor-column-gap-default\">\n\t\t\t\t\t<div class=\"elementor-column elementor-col-50 elementor-top-column elementor-element elementor-element-e31168d elementor-invisible\" data-id=\"e31168d\" data-element_type=\"column\" data-e-type=\"column\" data-settings=\"{&quot;animation&quot;:&quot;fadeInUp&quot;}\">\n\t\t\t<div class=\"elementor-widget-wrap elementor-element-populated\">\n\t\t\t\t\t\t<div class=\"elementor-element elementor-element-c6153b4 elementor-widget elementor-widget-heading\" data-id=\"c6153b4\" data-element_type=\"widget\" data-e-type=\"widget\" data-widget_type=\"heading.default\">\n\t\t\t\t<div class=\"elementor-widget-container\">\n\t\t\t\t\t<h4 class=\"elementor-heading-title elementor-size-default\">Qui sommes nous?<\/h4>\t\t\t\t<\/div>\n\t\t\t\t<\/div>\n\t\t\t\t<div class=\"elementor-element elementor-element-0427ba4 elementor-widget elementor-widget-heading\" data-id=\"0427ba4\" data-element_type=\"widget\" data-e-type=\"widget\" data-widget_type=\"heading.default\">\n\t\t\t\t<div class=\"elementor-widget-container\">\n\t\t\t\t\t<h1 class=\"elementor-heading-title elementor-size-default\">TC Accountancy &amp; Advisory<\/h1>\t\t\t\t<\/div>\n\t\t\t\t<\/div>\n\t\t\t\t\t<\/div>\n\t\t<\/div>\n\t\t\t\t<div class=\"elementor-column elementor-col-50 elementor-top-column elementor-element elementor-element-12626fa elementor-invisible\" data-id=\"12626fa\" data-element_type=\"column\" data-e-type=\"column\" data-settings=\"{&quot;animation&quot;:&quot;fadeInUp&quot;}\">\n\t\t\t<div class=\"elementor-widget-wrap elementor-element-populated\">\n\t\t\t\t\t\t<div class=\"elementor-element elementor-element-9aff4ed elementor-widget elementor-widget-heading\" data-id=\"9aff4ed\" data-element_type=\"widget\" data-e-type=\"widget\" data-widget_type=\"heading.default\">\n\t\t\t\t<div class=\"elementor-widget-container\">\n\t\t\t\t\t<h6 class=\"elementor-heading-title elementor-size-default\">Nous offrons un large \u00e9ventail de services comptables et fiscaux pour les particuliers et les entreprises dans un contexte national et international.<\/h6>\t\t\t\t<\/div>\n\t\t\t\t<\/div>\n\t\t\t\t<div class=\"elementor-element elementor-element-703f16c elementor-widget elementor-widget-text-editor\" data-id=\"703f16c\" data-element_type=\"widget\" data-e-type=\"widget\" data-widget_type=\"text-editor.default\">\n\t\t\t\t<div class=\"elementor-widget-container\">\n\t\t\t\t\t\t\t\t\t<p>Nos clients sont des soci\u00e9t\u00e9s multinationales, des soci\u00e9t\u00e9s belges de toutes tailles, des associations\/fondations, fonds de pension et des particuliers. Outre la comptabilit\u00e9 et la fiscalit\u00e9, notre conseil porte \u00e9galement sur toutes les mati\u00e8res li\u00e9es comme le droit des soci\u00e9t\u00e9s, le droit \u00e9conomique, la s\u00e9curit\u00e9 sociale et le droit du travail (avec l\u2019appui de r\u00e9viseurs, notaires ou avocats sp\u00e9cialis\u00e9s le cas \u00e9ch\u00e9ant). En toute mati\u00e8re, nos services int\u00e8grent les nouvelles technologies telles que la digitalisation, l\u2019intelligence artificielle et le partage d\u2019information. Notre approche pragmatique et personnalis\u00e9e nous a amen\u00e9s \u00e0 nous structurer en 3 d\u00e9partements orient\u00e9s clients ayant l\u2019expertise et l\u2019approche adapt\u00e9e \u00e0 la demande de nos clients. Nous pouvons vous pr\u00eater assistance tant dans le respect de vos obligations fiscales (l\u2019aspect compliance) que dans l\u2019analyse des possibilit\u00e9s qui s\u2019offrent \u00e0 vous et la d\u00e9termination et la mise en \u0153uvre des meilleures solutions (l\u2019aspect conseil). Pour toute probl\u00e9matique internationale, nous pouvons compter sur nos correspondants \u00e9trangers (cela inclut les membres de notre r\u00e9seau Alliott Global Alliance).<\/p>\t\t\t\t\t\t\t\t<\/div>\n\t\t\t\t<\/div>\n\t\t\t\t<div class=\"elementor-element elementor-element-5fa1f31 elementor-widget elementor-widget-heading\" data-id=\"5fa1f31\" data-element_type=\"widget\" data-e-type=\"widget\" data-widget_type=\"heading.default\">\n\t\t\t\t<div class=\"elementor-widget-container\">\n\t\t\t\t\t<h3 class=\"elementor-heading-title elementor-size-default\">Notre approche<\/h3>\t\t\t\t<\/div>\n\t\t\t\t<\/div>\n\t\t\t\t<div class=\"elementor-element elementor-element-6365bda elementor-icon-list--layout-traditional elementor-list-item-link-full_width elementor-widget elementor-widget-icon-list\" data-id=\"6365bda\" data-element_type=\"widget\" data-e-type=\"widget\" data-widget_type=\"icon-list.default\">\n\t\t\t\t<div class=\"elementor-widget-container\">\n\t\t\t\t\t\t\t<ul class=\"elementor-icon-list-items\">\n\t\t\t\t\t\t\t<li class=\"elementor-icon-list-item\">\n\t\t\t\t\t\t\t\t\t\t\t<span class=\"elementor-icon-list-icon\">\n\t\t\t\t\t\t\t<i aria-hidden=\"true\" class=\"fas fa-check\"><\/i>\t\t\t\t\t\t<\/span>\n\t\t\t\t\t\t\t\t\t\t<span class=\"elementor-icon-list-text\">Progression<\/span>\n\t\t\t\t\t\t\t\t\t<\/li>\n\t\t\t\t\t\t\t\t<li class=\"elementor-icon-list-item\">\n\t\t\t\t\t\t\t\t\t\t\t<span class=\"elementor-icon-list-icon\">\n\t\t\t\t\t\t\t<i aria-hidden=\"true\" class=\"fas fa-check\"><\/i>\t\t\t\t\t\t<\/span>\n\t\t\t\t\t\t\t\t\t\t<span class=\"elementor-icon-list-text\">Fluidit\u00e9<\/span>\n\t\t\t\t\t\t\t\t\t<\/li>\n\t\t\t\t\t\t\t\t<li class=\"elementor-icon-list-item\">\n\t\t\t\t\t\t\t\t\t\t\t<span class=\"elementor-icon-list-icon\">\n\t\t\t\t\t\t\t<i aria-hidden=\"true\" class=\"fas fa-check\"><\/i>\t\t\t\t\t\t<\/span>\n\t\t\t\t\t\t\t\t\t\t<span class=\"elementor-icon-list-text\">Vision<\/span>\n\t\t\t\t\t\t\t\t\t<\/li>\n\t\t\t\t\t\t\t\t<li class=\"elementor-icon-list-item\">\n\t\t\t\t\t\t\t\t\t\t\t<span class=\"elementor-icon-list-icon\">\n\t\t\t\t\t\t\t<i aria-hidden=\"true\" class=\"fas fa-check\"><\/i>\t\t\t\t\t\t<\/span>\n\t\t\t\t\t\t\t\t\t\t<span class=\"elementor-icon-list-text\">Synergie<\/span>\n\t\t\t\t\t\t\t\t\t<\/li>\n\t\t\t\t\t\t<\/ul>\n\t\t\t\t\t\t<\/div>\n\t\t\t\t<\/div>\n\t\t\t\t<div class=\"elementor-element elementor-element-55e6488 elementor-widget elementor-widget-video\" data-id=\"55e6488\" data-element_type=\"widget\" data-e-type=\"widget\" data-settings=\"{&quot;youtube_url&quot;:&quot;https:\\\/\\\/www.youtube.com\\\/watch?v=DvpFCNiWSq8&quot;,&quot;video_type&quot;:&quot;youtube&quot;,&quot;controls&quot;:&quot;yes&quot;}\" data-widget_type=\"video.default\">\n\t\t\t\t<div class=\"elementor-widget-container\">\n\t\t\t\t\t\t\t<div class=\"elementor-wrapper elementor-open-inline\">\n\t\t\t<div class=\"elementor-video\"><\/div>\t\t<\/div>\n\t\t\t\t\t\t<\/div>\n\t\t\t\t<\/div>\n\t\t\t\t\t<\/div>\n\t\t<\/div>\n\t\t\t\t\t<\/div>\n\t\t<\/section>\n\t\t\t\t<\/div>\n\t\t","protected":false},"excerpt":{"rendered":"<p>Qui sommes nous? TC Accountancy &#038; Advisory Nous offrons un large \u00e9ventail de services comptables et fiscaux pour les particuliers et les entreprises dans un contexte national et international. Nos&#8230;<\/p>\n","protected":false},"author":1,"featured_media":10909,"parent":0,"menu_order":0,"comment_status":"closed","ping_status":"closed","template":"","meta":{"_acf_changed":false,"footnotes":""},"class_list":["post-11080","page","type-page","status-publish","has-post-thumbnail","hentry"],"acf":[],"yoast_head":"<!-- This site is optimized with the Yoast SEO plugin v27.4 - https:\/\/yoast.com\/product\/yoast-seo-wordpress\/ -->\n<title>Services - Accountancy &amp; Advisory<\/title>\n<meta name=\"robots\" content=\"index, follow, max-snippet:-1, max-image-preview:large, max-video-preview:-1\" \/>\n<link rel=\"canonical\" href=\"https:\/\/www.taxconsult.be\/fr\/services\/\" \/>\n<meta property=\"og:locale\" content=\"fr_FR\" \/>\n<meta property=\"og:type\" content=\"article\" \/>\n<meta property=\"og:title\" content=\"Services - Accountancy &amp; Advisory\" \/>\n<meta property=\"og:description\" content=\"Qui sommes nous? TC Accountancy &#038; Advisory Nous offrons un large \u00e9ventail de services comptables et fiscaux pour les particuliers et les entreprises dans un contexte national et international. Nos...\" \/>\n<meta property=\"og:url\" content=\"https:\/\/www.taxconsult.be\/fr\/services\/\" \/>\n<meta property=\"og:site_name\" content=\"Accountancy &amp; Advisory\" \/>\n<meta property=\"article:modified_time\" content=\"2023-10-13T10:07:10+00:00\" \/>\n<meta property=\"og:image\" content=\"https:\/\/www.taxconsult.be\/wp-content\/uploads\/2022\/07\/AdobeStock_240335186-scaled.jpeg\" \/>\n\t<meta property=\"og:image:width\" content=\"2048\" \/>\n\t<meta property=\"og:image:height\" content=\"1365\" \/>\n\t<meta property=\"og:image:type\" content=\"image\/jpeg\" \/>\n<meta name=\"twitter:card\" content=\"summary_large_image\" \/>\n<meta name=\"twitter:label1\" content=\"Est. reading time\" \/>\n\t<meta name=\"twitter:data1\" content=\"3 minutes\" \/>\n<script type=\"application\/ld+json\" class=\"yoast-schema-graph\">{\"@context\":\"https:\\\/\\\/schema.org\",\"@graph\":[{\"@type\":\"WebPage\",\"@id\":\"https:\\\/\\\/www.taxconsult.be\\\/fr\\\/services\\\/\",\"url\":\"https:\\\/\\\/www.taxconsult.be\\\/fr\\\/services\\\/\",\"name\":\"Services - Accountancy &amp; Advisory\",\"isPartOf\":{\"@id\":\"https:\\\/\\\/www.taxconsult.be\\\/fr\\\/#website\"},\"primaryImageOfPage\":{\"@id\":\"https:\\\/\\\/www.taxconsult.be\\\/fr\\\/services\\\/#primaryimage\"},\"image\":{\"@id\":\"https:\\\/\\\/www.taxconsult.be\\\/fr\\\/services\\\/#primaryimage\"},\"thumbnailUrl\":\"https:\\\/\\\/www.taxconsult.be\\\/wp-content\\\/uploads\\\/2022\\\/07\\\/AdobeStock_240335186-scaled.jpeg\",\"datePublished\":\"2022-08-24T16:59:18+00:00\",\"dateModified\":\"2023-10-13T10:07:10+00:00\",\"breadcrumb\":{\"@id\":\"https:\\\/\\\/www.taxconsult.be\\\/fr\\\/services\\\/#breadcrumb\"},\"inLanguage\":\"fr-FR\",\"potentialAction\":[{\"@type\":\"ReadAction\",\"target\":[\"https:\\\/\\\/www.taxconsult.be\\\/fr\\\/services\\\/\"]}]},{\"@type\":\"ImageObject\",\"inLanguage\":\"fr-FR\",\"@id\":\"https:\\\/\\\/www.taxconsult.be\\\/fr\\\/services\\\/#primaryimage\",\"url\":\"https:\\\/\\\/www.taxconsult.be\\\/wp-content\\\/uploads\\\/2022\\\/07\\\/AdobeStock_240335186-scaled.jpeg\",\"contentUrl\":\"https:\\\/\\\/www.taxconsult.be\\\/wp-content\\\/uploads\\\/2022\\\/07\\\/AdobeStock_240335186-scaled.jpeg\",\"width\":2048,\"height\":1365,\"caption\":\"closeup of handshake of business partners on the background of business team\"},{\"@type\":\"BreadcrumbList\",\"@id\":\"https:\\\/\\\/www.taxconsult.be\\\/fr\\\/services\\\/#breadcrumb\",\"itemListElement\":[{\"@type\":\"ListItem\",\"position\":1,\"name\":\"Home\",\"item\":\"https:\\\/\\\/www.taxconsult.be\\\/fr\\\/\"},{\"@type\":\"ListItem\",\"position\":2,\"name\":\"Services\"}]},{\"@type\":\"WebSite\",\"@id\":\"https:\\\/\\\/www.taxconsult.be\\\/fr\\\/#website\",\"url\":\"https:\\\/\\\/www.taxconsult.be\\\/fr\\\/\",\"name\":\"Accountancy &amp; Advisory\",\"description\":\"\",\"potentialAction\":[{\"@type\":\"SearchAction\",\"target\":{\"@type\":\"EntryPoint\",\"urlTemplate\":\"https:\\\/\\\/www.taxconsult.be\\\/fr\\\/?s={search_term_string}\"},\"query-input\":{\"@type\":\"PropertyValueSpecification\",\"valueRequired\":true,\"valueName\":\"search_term_string\"}}],\"inLanguage\":\"fr-FR\"}]}<\/script>\n<!-- \/ Yoast SEO plugin. -->","yoast_head_json":{"title":"Services - Accountancy &amp; Advisory","robots":{"index":"index","follow":"follow","max-snippet":"max-snippet:-1","max-image-preview":"max-image-preview:large","max-video-preview":"max-video-preview:-1"},"canonical":"https:\/\/www.taxconsult.be\/fr\/services\/","og_locale":"fr_FR","og_type":"article","og_title":"Services - Accountancy &amp; Advisory","og_description":"Qui sommes nous? TC Accountancy &#038; Advisory Nous offrons un large \u00e9ventail de services comptables et fiscaux pour les particuliers et les entreprises dans un contexte national et international. Nos...","og_url":"https:\/\/www.taxconsult.be\/fr\/services\/","og_site_name":"Accountancy &amp; Advisory","article_modified_time":"2023-10-13T10:07:10+00:00","og_image":[{"width":2048,"height":1365,"url":"https:\/\/www.taxconsult.be\/wp-content\/uploads\/2022\/07\/AdobeStock_240335186-scaled.jpeg","type":"image\/jpeg"}],"twitter_card":"summary_large_image","twitter_misc":{"Est. reading time":"3 minutes"},"schema":{"@context":"https:\/\/schema.org","@graph":[{"@type":"WebPage","@id":"https:\/\/www.taxconsult.be\/fr\/services\/","url":"https:\/\/www.taxconsult.be\/fr\/services\/","name":"Services - Accountancy &amp; Advisory","isPartOf":{"@id":"https:\/\/www.taxconsult.be\/fr\/#website"},"primaryImageOfPage":{"@id":"https:\/\/www.taxconsult.be\/fr\/services\/#primaryimage"},"image":{"@id":"https:\/\/www.taxconsult.be\/fr\/services\/#primaryimage"},"thumbnailUrl":"https:\/\/www.taxconsult.be\/wp-content\/uploads\/2022\/07\/AdobeStock_240335186-scaled.jpeg","datePublished":"2022-08-24T16:59:18+00:00","dateModified":"2023-10-13T10:07:10+00:00","breadcrumb":{"@id":"https:\/\/www.taxconsult.be\/fr\/services\/#breadcrumb"},"inLanguage":"fr-FR","potentialAction":[{"@type":"ReadAction","target":["https:\/\/www.taxconsult.be\/fr\/services\/"]}]},{"@type":"ImageObject","inLanguage":"fr-FR","@id":"https:\/\/www.taxconsult.be\/fr\/services\/#primaryimage","url":"https:\/\/www.taxconsult.be\/wp-content\/uploads\/2022\/07\/AdobeStock_240335186-scaled.jpeg","contentUrl":"https:\/\/www.taxconsult.be\/wp-content\/uploads\/2022\/07\/AdobeStock_240335186-scaled.jpeg","width":2048,"height":1365,"caption":"closeup of handshake of business partners on the background of business team"},{"@type":"BreadcrumbList","@id":"https:\/\/www.taxconsult.be\/fr\/services\/#breadcrumb","itemListElement":[{"@type":"ListItem","position":1,"name":"Home","item":"https:\/\/www.taxconsult.be\/fr\/"},{"@type":"ListItem","position":2,"name":"Services"}]},{"@type":"WebSite","@id":"https:\/\/www.taxconsult.be\/fr\/#website","url":"https:\/\/www.taxconsult.be\/fr\/","name":"Accountancy &amp; Advisory","description":"","potentialAction":[{"@type":"SearchAction","target":{"@type":"EntryPoint","urlTemplate":"https:\/\/www.taxconsult.be\/fr\/?s={search_term_string}"},"query-input":{"@type":"PropertyValueSpecification","valueRequired":true,"valueName":"search_term_string"}}],"inLanguage":"fr-FR"}]}},"_links":{"self":[{"href":"https:\/\/www.taxconsult.be\/fr\/wp-json\/wp\/v2\/pages\/11080","targetHints":{"allow":["GET"]}}],"collection":[{"href":"https:\/\/www.taxconsult.be\/fr\/wp-json\/wp\/v2\/pages"}],"about":[{"href":"https:\/\/www.taxconsult.be\/fr\/wp-json\/wp\/v2\/types\/page"}],"author":[{"embeddable":true,"href":"https:\/\/www.taxconsult.be\/fr\/wp-json\/wp\/v2\/users\/1"}],"replies":[{"embeddable":true,"href":"https:\/\/www.taxconsult.be\/fr\/wp-json\/wp\/v2\/comments?post=11080"}],"version-history":[{"count":0,"href":"https:\/\/www.taxconsult.be\/fr\/wp-json\/wp\/v2\/pages\/11080\/revisions"}],"wp:featuredmedia":[{"embeddable":true,"href":"https:\/\/www.taxconsult.be\/fr\/wp-json\/wp\/v2\/media\/10909"}],"wp:attachment":[{"href":"https:\/\/www.taxconsult.be\/fr\/wp-json\/wp\/v2\/media?parent=11080"}],"curies":[{"name":"wp","href":"https:\/\/api.w.org\/{rel}","templated":true}]}}