{"id":11162,"date":"2022-08-24T19:39:38","date_gmt":"2022-08-24T19:39:38","guid":{"rendered":"https:\/\/tcaa.taxconsult.be\/contacts\/"},"modified":"2024-02-08T19:28:35","modified_gmt":"2024-02-08T19:28:35","slug":"contact","status":"publish","type":"page","link":"https:\/\/www.taxconsult.be\/fr\/contact\/","title":{"rendered":"Contact"},"content":{"rendered":"\t\t<div data-elementor-type=\"wp-page\" data-elementor-id=\"11162\" class=\"elementor elementor-11162 elementor-31\" data-elementor-post-type=\"page\">\n\t\t\t\t\t\t<section class=\"elementor-section elementor-top-section elementor-element elementor-element-2efce0e elementor-section-boxed elementor-section-height-default elementor-section-height-default\" data-id=\"2efce0e\" data-element_type=\"section\" data-e-type=\"section\">\n\t\t\t\t\t\t<div class=\"elementor-container elementor-column-gap-default\">\n\t\t\t\t\t<div class=\"elementor-column elementor-col-50 elementor-top-column elementor-element elementor-element-f447cfe elementor-invisible\" data-id=\"f447cfe\" data-element_type=\"column\" data-e-type=\"column\" data-settings=\"{&quot;animation&quot;:&quot;fadeInUp&quot;}\">\n\t\t\t<div class=\"elementor-widget-wrap elementor-element-populated\">\n\t\t\t\t\t\t<div class=\"elementor-element elementor-element-31dbc52 elementor-widget elementor-widget-heading\" data-id=\"31dbc52\" data-element_type=\"widget\" data-e-type=\"widget\" data-widget_type=\"heading.default\">\n\t\t\t\t<div class=\"elementor-widget-container\">\n\t\t\t\t\t<h4 class=\"elementor-heading-title elementor-size-default\">Nos coordonn\u00e9es<\/h4>\t\t\t\t<\/div>\n\t\t\t\t<\/div>\n\t\t\t\t<div class=\"elementor-element elementor-element-9956131 elementor-icon-list--layout-traditional elementor-list-item-link-full_width elementor-widget elementor-widget-icon-list\" data-id=\"9956131\" data-element_type=\"widget\" data-e-type=\"widget\" data-widget_type=\"icon-list.default\">\n\t\t\t\t<div class=\"elementor-widget-container\">\n\t\t\t\t\t\t\t<ul class=\"elementor-icon-list-items\">\n\t\t\t\t\t\t\t<li class=\"elementor-icon-list-item\">\n\t\t\t\t\t\t\t\t\t\t\t<span class=\"elementor-icon-list-icon\">\n\t\t\t\t\t\t\t<i aria-hidden=\"true\" class=\"fas fa-phone-alt\"><\/i>\t\t\t\t\t\t<\/span>\n\t\t\t\t\t\t\t\t\t\t<span class=\"elementor-icon-list-text\">+32 2 675 50 05<\/span>\n\t\t\t\t\t\t\t\t\t<\/li>\n\t\t\t\t\t\t\t\t<li class=\"elementor-icon-list-item\">\n\t\t\t\t\t\t\t\t\t\t\t<a href=\"mailto:info.tcaa@taxconsult.be\">\n\n\t\t\t\t\t\t\t\t\t\t\t\t<span class=\"elementor-icon-list-icon\">\n\t\t\t\t\t\t\t<i aria-hidden=\"true\" class=\"fas fa-envelope\"><\/i>\t\t\t\t\t\t<\/span>\n\t\t\t\t\t\t\t\t\t\t<span class=\"elementor-icon-list-text\">info@taxconsult.be<\/span>\n\t\t\t\t\t\t\t\t\t\t\t<\/a>\n\t\t\t\t\t\t\t\t\t<\/li>\n\t\t\t\t\t\t<\/ul>\n\t\t\t\t\t\t<\/div>\n\t\t\t\t<\/div>\n\t\t\t\t<div class=\"elementor-element elementor-element-f80d09a custom-bl-address elementor-widget elementor-widget-text-editor\" data-id=\"f80d09a\" data-element_type=\"widget\" data-e-type=\"widget\" data-widget_type=\"text-editor.default\">\n\t\t\t\t<div class=\"elementor-widget-container\">\n\t\t\t\t\t\t\t\t\t<p><strong>Bruxelles<\/strong> <br>Chauss\u00e9e de La Hulpe 178 <br>1170 Bruxelles <br>Belgique <br><a href=\"https:\/\/goo.gl\/maps\/79a5HjPHchU3LKqeA\" target=\"_blank\" rel=\"noopener\">Itin\u00e9raire \u2192<\/a><\/p>\t\t\t\t\t\t\t\t<\/div>\n\t\t\t\t<\/div>\n\t\t\t\t<div class=\"elementor-element elementor-element-238beb9 custom-bl-address elementor-widget elementor-widget-text-editor\" data-id=\"238beb9\" data-element_type=\"widget\" data-e-type=\"widget\" data-widget_type=\"text-editor.default\">\n\t\t\t\t<div class=\"elementor-widget-container\">\n\t\t\t\t\t\t\t\t\t<p><strong>Anvers<\/strong> <br \/>Uitbreidingstraat 42-46 <br \/>2600 Anvers <br \/>Belgique <br \/><a href=\"https:\/\/goo.gl\/maps\/2KgA7e1TBgk4MYGx8\" target=\"_blank\" rel=\"noopener\">Itin\u00e9raire \u2192<\/a><\/p>\n\t\t\t\t\t\t\t\t<\/div>\n\t\t\t\t<\/div>\n\t\t\t\t\t<\/div>\n\t\t<\/div>\n\t\t\t\t<div class=\"elementor-column elementor-col-50 elementor-top-column elementor-element elementor-element-08268c4 elementor-invisible\" data-id=\"08268c4\" data-element_type=\"column\" data-e-type=\"column\" data-settings=\"{&quot;animation&quot;:&quot;fadeInUp&quot;}\">\n\t\t\t<div class=\"elementor-widget-wrap elementor-element-populated\">\n\t\t\t\t\t\t<div class=\"elementor-element elementor-element-c3bd57f elementor-widget elementor-widget-text-editor\" data-id=\"c3bd57f\" data-element_type=\"widget\" data-e-type=\"widget\" data-widget_type=\"text-editor.default\">\n\t\t\t\t<div class=\"elementor-widget-container\">\n\t\t\t\t\t\t\t\t\t<h6>Remplissez ce formulaire et laissez-nous votre message.<\/h6>\n\t\t\t\t\t\t\t\t<\/div>\n\t\t\t\t<\/div>\n\t\t\t\t<div class=\"elementor-element elementor-element-4b9fd5f elementor-widget elementor-widget-shortcode\" data-id=\"4b9fd5f\" data-element_type=\"widget\" data-e-type=\"widget\" data-widget_type=\"shortcode.default\">\n\t\t\t\t<div class=\"elementor-widget-container\">\n\t\t\t\t\t\t\t<div class=\"elementor-shortcode\">\n<div class=\"wpcf7 no-js\" id=\"wpcf7-f11173-o1\" lang=\"fr-FR\" dir=\"ltr\" data-wpcf7-id=\"11173\">\n<div class=\"screen-reader-response\"><p role=\"status\" aria-live=\"polite\" aria-atomic=\"true\"><\/p> <ul><\/ul><\/div>\n<form action=\"\/fr\/wp-json\/wp\/v2\/pages\/11162#wpcf7-f11173-o1\" method=\"post\" class=\"wpcf7-form init\" aria-label=\"Contact form\" novalidate=\"novalidate\" data-status=\"init\">\n<fieldset class=\"hidden-fields-container\"><input type=\"hidden\" name=\"_wpcf7\" value=\"11173\" \/><input type=\"hidden\" name=\"_wpcf7_version\" value=\"6.1.5\" \/><input type=\"hidden\" name=\"_wpcf7_locale\" value=\"fr_FR\" \/><input type=\"hidden\" name=\"_wpcf7_unit_tag\" value=\"wpcf7-f11173-o1\" \/><input type=\"hidden\" name=\"_wpcf7_container_post\" value=\"0\" \/><input type=\"hidden\" name=\"_wpcf7_posted_data_hash\" value=\"\" \/><input type=\"hidden\" name=\"_wpcf7_recaptcha_response\" value=\"\" \/>\n<\/fieldset>\n<div class=\"form-wrap\">\n\t<div class=\"form-inner\">\n\t\t<div class=\"form-bl\">\n\t\t\t<div class=\"form-field form-l\">\n\t\t\t\t<p><label class=\"\">Votre pr\u00e9nom*<\/label><br \/>\n<span class=\"wpcf7-form-control-wrap\" data-name=\"firstname\"><input size=\"40\" maxlength=\"400\" class=\"wpcf7-form-control wpcf7-text wpcf7-validates-as-required\" aria-required=\"true\" aria-invalid=\"false\" value=\"\" type=\"text\" name=\"firstname\" \/><\/span>\n\t\t\t\t<\/p>\n\t\t\t<\/div>\n\t\t\t<div class=\"form-field form-r\">\n\t\t\t\t<p><label class=\"\">Votre nom*<\/label><br \/>\n<span class=\"wpcf7-form-control-wrap\" data-name=\"lastname\"><input size=\"40\" maxlength=\"400\" class=\"wpcf7-form-control wpcf7-text wpcf7-validates-as-required\" aria-required=\"true\" aria-invalid=\"false\" value=\"\" type=\"text\" name=\"lastname\" \/><\/span>\n\t\t\t\t<\/p>\n\t\t\t<\/div>\n\t\t<\/div>\n\t\t<div class=\"form-bl\">\n\t\t\t<div class=\"form-field form-lr\">\n\t\t\t\t<p><label class=\"\">Votre e-mail*<\/label><br \/>\n<span class=\"wpcf7-form-control-wrap\" data-name=\"e-mail\"><input size=\"40\" maxlength=\"400\" class=\"wpcf7-form-control wpcf7-email wpcf7-validates-as-required wpcf7-text wpcf7-validates-as-email\" aria-required=\"true\" aria-invalid=\"false\" value=\"\" type=\"email\" name=\"e-mail\" \/><\/span>\n\t\t\t\t<\/p>\n\t\t\t<\/div>\n\t\t<\/div>\n\t\t<div class=\"form-bl\">\n\t\t\t<div class=\"form-field form-lr\">\n\t\t\t\t<p><label class=\"\">Votre message<\/label><br \/>\n<span class=\"wpcf7-form-control-wrap\" data-name=\"message\"><textarea cols=\"40\" rows=\"6\" maxlength=\"2000\" class=\"wpcf7-form-control wpcf7-textarea\" aria-invalid=\"false\" name=\"message\"><\/textarea><\/span>\n\t\t\t\t<\/p>\n\t\t\t<\/div>\n\t\t<\/div>\n\t\t<div class=\"form-bl\">\n\t\t\t<div class=\"form-lr\">\n\t\t\t\t<p><span class=\"wpcf7-form-control-wrap\" data-name=\"acceptance-572\"><span class=\"wpcf7-form-control wpcf7-acceptance optional\"><span class=\"wpcf7-list-item\"><label><input type=\"checkbox\" name=\"acceptance-572\" value=\"1\" aria-invalid=\"false\" \/><span class=\"wpcf7-list-item-label\">J\u2019accepte les conditions g\u00e9n\u00e9rales et je suis d\u2019accord avec la<a href='https:\/\/www.taxconsult.be\/privacybeleid\/'> politique de confidentialit\u00e9<\/a><\/span><\/label><\/span><\/span><\/span>\n\t\t\t\t<\/p>\n\t\t\t<\/div>\n\t\t<\/div>\n\t\t<div class=\"form-bl\">\n\t\t\t<div class=\"form-lr button red\">\n\t\t\t\t<p><input class=\"wpcf7-form-control wpcf7-submit has-spinner\" type=\"submit\" value=\"Valider\" \/>\n\t\t\t\t<\/p>\n\t\t\t<\/div>\n\t\t<\/div>\n\t<\/div>\n<\/div><div class=\"wpcf7-response-output\" aria-hidden=\"true\"><\/div>\n<\/form>\n<\/div>\n<\/div>\n\t\t\t\t\t\t<\/div>\n\t\t\t\t<\/div>\n\t\t\t\t\t<\/div>\n\t\t<\/div>\n\t\t\t\t\t<\/div>\n\t\t<\/section>\n\t\t\t\t<section class=\"elementor-section elementor-top-section elementor-element elementor-element-2101786 elementor-section-boxed elementor-section-height-default elementor-section-height-default\" data-id=\"2101786\" data-element_type=\"section\" data-e-type=\"section\">\n\t\t\t\t\t\t<div class=\"elementor-container elementor-column-gap-default\">\n\t\t\t\t\t<div class=\"elementor-column elementor-col-50 elementor-top-column elementor-element elementor-element-ef35647 elementor-invisible\" data-id=\"ef35647\" data-element_type=\"column\" data-e-type=\"column\" data-settings=\"{&quot;animation&quot;:&quot;fadeInUp&quot;}\">\n\t\t\t<div class=\"elementor-widget-wrap elementor-element-populated\">\n\t\t\t\t\t\t<div class=\"elementor-element elementor-element-5f6fcbf elementor-widget elementor-widget-image\" data-id=\"5f6fcbf\" data-element_type=\"widget\" data-e-type=\"widget\" data-widget_type=\"image.default\">\n\t\t\t\t<div class=\"elementor-widget-container\">\n\t\t\t\t\t\t\t\t\t\t\t\t\t\t\t<img decoding=\"async\" src=\"https:\/\/www.taxconsult.be\/wp-content\/uploads\/elementor\/thumbs\/4-Partners-TCAA-scaled-e1743157783452-r3irckl1fh7ri5ceb37dledf57bg1fxnbmh10nholw.jpg\" title=\"4 Partners TCAA\" alt=\"4 Partners TCAA\" loading=\"lazy\" \/>\t\t\t\t\t\t\t\t\t\t\t\t\t\t\t<\/div>\n\t\t\t\t<\/div>\n\t\t\t\t\t<\/div>\n\t\t<\/div>\n\t\t\t\t<div class=\"elementor-column elementor-col-50 elementor-top-column elementor-element elementor-element-f16c81e elementor-invisible\" data-id=\"f16c81e\" data-element_type=\"column\" data-e-type=\"column\" data-settings=\"{&quot;animation&quot;:&quot;fadeInUp&quot;}\">\n\t\t\t<div class=\"elementor-widget-wrap elementor-element-populated\">\n\t\t\t\t\t\t<div class=\"elementor-element elementor-element-53f6957 elementor-blockquote--skin-quotation elementor-widget elementor-widget-blockquote\" data-id=\"53f6957\" data-element_type=\"widget\" data-e-type=\"widget\" data-widget_type=\"blockquote.default\">\n\t\t\t\t<div class=\"elementor-widget-container\">\n\t\t\t\t\t\t\t<blockquote class=\"elementor-blockquote\">\n\t\t\t<p class=\"elementor-blockquote__content\">\n\t\t\t\tNos valeurs sont l'engagement, l'expertise, l'attention personnalis\u00e9e et la facilitation.\t\t\t<\/p>\n\t\t\t\t\t<\/blockquote>\n\t\t\t\t\t\t<\/div>\n\t\t\t\t<\/div>\n\t\t\t\t<div class=\"elementor-element elementor-element-a24a49a elementor-widget elementor-widget-button\" data-id=\"a24a49a\" data-element_type=\"widget\" data-e-type=\"widget\" data-widget_type=\"button.default\">\n\t\t\t\t<div class=\"elementor-widget-container\">\n\t\t\t\t\t\t\t\t\t<div class=\"elementor-button-wrapper\">\n\t\t\t\t\t<a class=\"elementor-button elementor-button-link elementor-size-sm\" href=\"https:\/\/www.taxconsult.be\/fr\/a-propos\/\">\n\t\t\t\t\t\t<span class=\"elementor-button-content-wrapper\">\n\t\t\t\t\t\t\t\t\t<span class=\"elementor-button-text\">Notre \u00e9quipe<\/span>\n\t\t\t\t\t<\/span>\n\t\t\t\t\t<\/a>\n\t\t\t\t<\/div>\n\t\t\t\t\t\t\t\t<\/div>\n\t\t\t\t<\/div>\n\t\t\t\t\t<\/div>\n\t\t<\/div>\n\t\t\t\t\t<\/div>\n\t\t<\/section>\n\t\t\t\t<\/div>\n\t\t","protected":false},"excerpt":{"rendered":"<p>Nos coordonn\u00e9es +32 2 675 50 05 info@taxconsult.be Bruxelles Chauss\u00e9e de La Hulpe 178 1170 Bruxelles Belgique Itin\u00e9raire \u2192 Anvers Uitbreidingstraat 42-46 2600 Anvers Belgique Itin\u00e9raire \u2192 Remplissez ce formulaire&#8230;<\/p>\n","protected":false},"author":1,"featured_media":0,"parent":0,"menu_order":0,"comment_status":"closed","ping_status":"closed","template":"","meta":{"_acf_changed":false,"footnotes":""},"class_list":["post-11162","page","type-page","status-publish","hentry"],"acf":[],"yoast_head":"<!-- This site is optimized with the Yoast SEO plugin v27.4 - https:\/\/yoast.com\/product\/yoast-seo-wordpress\/ -->\n<title>Contact - Accountancy &amp; Advisory<\/title>\n<meta name=\"robots\" content=\"index, follow, max-snippet:-1, max-image-preview:large, max-video-preview:-1\" \/>\n<link rel=\"canonical\" href=\"https:\/\/www.taxconsult.be\/fr\/contact\/\" \/>\n<meta property=\"og:locale\" content=\"fr_FR\" \/>\n<meta property=\"og:type\" content=\"article\" \/>\n<meta property=\"og:title\" content=\"Contact - Accountancy &amp; Advisory\" \/>\n<meta property=\"og:description\" content=\"Nos coordonn\u00e9es +32 2 675 50 05 info@taxconsult.be Bruxelles Chauss\u00e9e de La Hulpe 178 1170 Bruxelles Belgique Itin\u00e9raire \u2192 Anvers Uitbreidingstraat 42-46 2600 Anvers Belgique Itin\u00e9raire \u2192 Remplissez ce formulaire...\" \/>\n<meta property=\"og:url\" content=\"https:\/\/www.taxconsult.be\/fr\/contact\/\" \/>\n<meta property=\"og:site_name\" content=\"Accountancy &amp; Advisory\" \/>\n<meta property=\"article:modified_time\" content=\"2024-02-08T19:28:35+00:00\" \/>\n<meta property=\"og:image\" content=\"https:\/\/www.taxconsult.be\/wp-content\/uploads\/elementor\/thumbs\/4-Partners-TCAA-scaled-q7zxrid7lu06xjd41uzhu96jx1nszei96mt5fm4puc.jpg\" \/>\n<meta name=\"twitter:card\" content=\"summary_large_image\" \/>\n<meta name=\"twitter:label1\" content=\"Est. reading time\" \/>\n\t<meta name=\"twitter:data1\" content=\"1 minute\" \/>\n<script type=\"application\/ld+json\" class=\"yoast-schema-graph\">{\"@context\":\"https:\\\/\\\/schema.org\",\"@graph\":[{\"@type\":\"WebPage\",\"@id\":\"https:\\\/\\\/www.taxconsult.be\\\/fr\\\/contact\\\/\",\"url\":\"https:\\\/\\\/www.taxconsult.be\\\/fr\\\/contact\\\/\",\"name\":\"Contact - Accountancy &amp; Advisory\",\"isPartOf\":{\"@id\":\"https:\\\/\\\/www.taxconsult.be\\\/fr\\\/#website\"},\"primaryImageOfPage\":{\"@id\":\"https:\\\/\\\/www.taxconsult.be\\\/fr\\\/contact\\\/#primaryimage\"},\"image\":{\"@id\":\"https:\\\/\\\/www.taxconsult.be\\\/fr\\\/contact\\\/#primaryimage\"},\"thumbnailUrl\":\"https:\\\/\\\/www.taxconsult.be\\\/wp-content\\\/uploads\\\/elementor\\\/thumbs\\\/4-Partners-TCAA-scaled-q7zxrid7lu06xjd41uzhu96jx1nszei96mt5fm4puc.jpg\",\"datePublished\":\"2022-08-24T19:39:38+00:00\",\"dateModified\":\"2024-02-08T19:28:35+00:00\",\"breadcrumb\":{\"@id\":\"https:\\\/\\\/www.taxconsult.be\\\/fr\\\/contact\\\/#breadcrumb\"},\"inLanguage\":\"fr-FR\",\"potentialAction\":[{\"@type\":\"ReadAction\",\"target\":[\"https:\\\/\\\/www.taxconsult.be\\\/fr\\\/contact\\\/\"]}]},{\"@type\":\"ImageObject\",\"inLanguage\":\"fr-FR\",\"@id\":\"https:\\\/\\\/www.taxconsult.be\\\/fr\\\/contact\\\/#primaryimage\",\"url\":\"https:\\\/\\\/www.taxconsult.be\\\/wp-content\\\/uploads\\\/elementor\\\/thumbs\\\/4-Partners-TCAA-scaled-q7zxrid7lu06xjd41uzhu96jx1nszei96mt5fm4puc.jpg\",\"contentUrl\":\"https:\\\/\\\/www.taxconsult.be\\\/wp-content\\\/uploads\\\/elementor\\\/thumbs\\\/4-Partners-TCAA-scaled-q7zxrid7lu06xjd41uzhu96jx1nszei96mt5fm4puc.jpg\"},{\"@type\":\"BreadcrumbList\",\"@id\":\"https:\\\/\\\/www.taxconsult.be\\\/fr\\\/contact\\\/#breadcrumb\",\"itemListElement\":[{\"@type\":\"ListItem\",\"position\":1,\"name\":\"Home\",\"item\":\"https:\\\/\\\/www.taxconsult.be\\\/fr\\\/\"},{\"@type\":\"ListItem\",\"position\":2,\"name\":\"Contact\"}]},{\"@type\":\"WebSite\",\"@id\":\"https:\\\/\\\/www.taxconsult.be\\\/fr\\\/#website\",\"url\":\"https:\\\/\\\/www.taxconsult.be\\\/fr\\\/\",\"name\":\"Accountancy &amp; Advisory\",\"description\":\"\",\"potentialAction\":[{\"@type\":\"SearchAction\",\"target\":{\"@type\":\"EntryPoint\",\"urlTemplate\":\"https:\\\/\\\/www.taxconsult.be\\\/fr\\\/?s={search_term_string}\"},\"query-input\":{\"@type\":\"PropertyValueSpecification\",\"valueRequired\":true,\"valueName\":\"search_term_string\"}}],\"inLanguage\":\"fr-FR\"}]}<\/script>\n<!-- \/ Yoast SEO plugin. -->","yoast_head_json":{"title":"Contact - Accountancy &amp; Advisory","robots":{"index":"index","follow":"follow","max-snippet":"max-snippet:-1","max-image-preview":"max-image-preview:large","max-video-preview":"max-video-preview:-1"},"canonical":"https:\/\/www.taxconsult.be\/fr\/contact\/","og_locale":"fr_FR","og_type":"article","og_title":"Contact - Accountancy &amp; Advisory","og_description":"Nos coordonn\u00e9es +32 2 675 50 05 info@taxconsult.be Bruxelles Chauss\u00e9e de La Hulpe 178 1170 Bruxelles Belgique Itin\u00e9raire \u2192 Anvers Uitbreidingstraat 42-46 2600 Anvers Belgique Itin\u00e9raire \u2192 Remplissez ce formulaire...","og_url":"https:\/\/www.taxconsult.be\/fr\/contact\/","og_site_name":"Accountancy &amp; Advisory","article_modified_time":"2024-02-08T19:28:35+00:00","og_image":[{"url":"https:\/\/www.taxconsult.be\/wp-content\/uploads\/elementor\/thumbs\/4-Partners-TCAA-scaled-q7zxrid7lu06xjd41uzhu96jx1nszei96mt5fm4puc.jpg","type":"","width":"","height":""}],"twitter_card":"summary_large_image","twitter_misc":{"Est. reading time":"1 minute"},"schema":{"@context":"https:\/\/schema.org","@graph":[{"@type":"WebPage","@id":"https:\/\/www.taxconsult.be\/fr\/contact\/","url":"https:\/\/www.taxconsult.be\/fr\/contact\/","name":"Contact - Accountancy &amp; Advisory","isPartOf":{"@id":"https:\/\/www.taxconsult.be\/fr\/#website"},"primaryImageOfPage":{"@id":"https:\/\/www.taxconsult.be\/fr\/contact\/#primaryimage"},"image":{"@id":"https:\/\/www.taxconsult.be\/fr\/contact\/#primaryimage"},"thumbnailUrl":"https:\/\/www.taxconsult.be\/wp-content\/uploads\/elementor\/thumbs\/4-Partners-TCAA-scaled-q7zxrid7lu06xjd41uzhu96jx1nszei96mt5fm4puc.jpg","datePublished":"2022-08-24T19:39:38+00:00","dateModified":"2024-02-08T19:28:35+00:00","breadcrumb":{"@id":"https:\/\/www.taxconsult.be\/fr\/contact\/#breadcrumb"},"inLanguage":"fr-FR","potentialAction":[{"@type":"ReadAction","target":["https:\/\/www.taxconsult.be\/fr\/contact\/"]}]},{"@type":"ImageObject","inLanguage":"fr-FR","@id":"https:\/\/www.taxconsult.be\/fr\/contact\/#primaryimage","url":"https:\/\/www.taxconsult.be\/wp-content\/uploads\/elementor\/thumbs\/4-Partners-TCAA-scaled-q7zxrid7lu06xjd41uzhu96jx1nszei96mt5fm4puc.jpg","contentUrl":"https:\/\/www.taxconsult.be\/wp-content\/uploads\/elementor\/thumbs\/4-Partners-TCAA-scaled-q7zxrid7lu06xjd41uzhu96jx1nszei96mt5fm4puc.jpg"},{"@type":"BreadcrumbList","@id":"https:\/\/www.taxconsult.be\/fr\/contact\/#breadcrumb","itemListElement":[{"@type":"ListItem","position":1,"name":"Home","item":"https:\/\/www.taxconsult.be\/fr\/"},{"@type":"ListItem","position":2,"name":"Contact"}]},{"@type":"WebSite","@id":"https:\/\/www.taxconsult.be\/fr\/#website","url":"https:\/\/www.taxconsult.be\/fr\/","name":"Accountancy &amp; Advisory","description":"","potentialAction":[{"@type":"SearchAction","target":{"@type":"EntryPoint","urlTemplate":"https:\/\/www.taxconsult.be\/fr\/?s={search_term_string}"},"query-input":{"@type":"PropertyValueSpecification","valueRequired":true,"valueName":"search_term_string"}}],"inLanguage":"fr-FR"}]}},"_links":{"self":[{"href":"https:\/\/www.taxconsult.be\/fr\/wp-json\/wp\/v2\/pages\/11162","targetHints":{"allow":["GET"]}}],"collection":[{"href":"https:\/\/www.taxconsult.be\/fr\/wp-json\/wp\/v2\/pages"}],"about":[{"href":"https:\/\/www.taxconsult.be\/fr\/wp-json\/wp\/v2\/types\/page"}],"author":[{"embeddable":true,"href":"https:\/\/www.taxconsult.be\/fr\/wp-json\/wp\/v2\/users\/1"}],"replies":[{"embeddable":true,"href":"https:\/\/www.taxconsult.be\/fr\/wp-json\/wp\/v2\/comments?post=11162"}],"version-history":[{"count":0,"href":"https:\/\/www.taxconsult.be\/fr\/wp-json\/wp\/v2\/pages\/11162\/revisions"}],"wp:attachment":[{"href":"https:\/\/www.taxconsult.be\/fr\/wp-json\/wp\/v2\/media?parent=11162"}],"curies":[{"name":"wp","href":"https:\/\/api.w.org\/{rel}","templated":true}]}}