{"id":11255,"date":"2022-08-25T21:49:03","date_gmt":"2022-08-25T21:49:03","guid":{"rendered":"https:\/\/tcaa.taxconsult.be\/approche-digitale\/"},"modified":"2022-12-23T09:40:59","modified_gmt":"2022-12-23T09:40:59","slug":"approche-digitale","status":"publish","type":"page","link":"https:\/\/www.taxconsult.be\/fr\/approche-digitale\/","title":{"rendered":"Approche Digitale"},"content":{"rendered":"\t\t<div data-elementor-type=\"wp-page\" data-elementor-id=\"11255\" class=\"elementor elementor-11255 elementor-24\" data-elementor-post-type=\"page\">\n\t\t\t\t\t\t<section class=\"elementor-section elementor-top-section elementor-element elementor-element-117bed3 progression-left elementor-section-boxed elementor-section-height-default elementor-section-height-default\" data-id=\"117bed3\" data-element_type=\"section\" data-e-type=\"section\">\n\t\t\t\t\t\t<div class=\"elementor-container elementor-column-gap-default\">\n\t\t\t\t\t<div class=\"elementor-column elementor-col-50 elementor-top-column elementor-element elementor-element-ebfbe36 elementor-invisible\" data-id=\"ebfbe36\" data-element_type=\"column\" data-e-type=\"column\" data-settings=\"{&quot;animation&quot;:&quot;fadeInUp&quot;}\">\n\t\t\t<div class=\"elementor-widget-wrap elementor-element-populated\">\n\t\t\t\t\t\t<div class=\"elementor-element elementor-element-be4ace0 elementor-widget elementor-widget-heading\" data-id=\"be4ace0\" data-element_type=\"widget\" data-e-type=\"widget\" data-widget_type=\"heading.default\">\n\t\t\t\t<div class=\"elementor-widget-container\">\n\t\t\t\t\t<h6 class=\"elementor-heading-title elementor-size-default\">Que ce soit pour votre dossier personnel ou pour celui de votre entreprise, nous vous proposons une collaboration active sous forme digitale qui vous permette une optimisation de vos processus administratifs et une proximit\u00e9 avec vos r\u00e9sultats financiers dans un but de transparence et de suivi.<\/h6>\t\t\t\t<\/div>\n\t\t\t\t<\/div>\n\t\t\t\t<div class=\"elementor-element elementor-element-c1d0469 elementor-widget elementor-widget-text-editor\" data-id=\"c1d0469\" data-element_type=\"widget\" data-e-type=\"widget\" data-widget_type=\"text-editor.default\">\n\t\t\t\t<div class=\"elementor-widget-container\">\n\t\t\t\t\t\t\t\t\tNous assurons cette collaboration digitale via une plateforme pr\u00e9-comptable s\u00e9curis\u00e9e et accessible en ligne qui vous permet:\r\n\r\n&nbsp;\r\n<ul>\r\n \t<li>De centraliser les documents l\u00e9gaux de votre soci\u00e9t\u00e9;<\/li>\r\n \t<li>De traiter les factures d\u2019achats et les notes de frais;<\/li>\r\n \t<li>De g\u00e9rer vos paiements ;<\/li>\r\n \t<li>D\u2019\u00eatre en lien avec la comptabilit\u00e9<\/li>\r\n<\/ul>\r\nEn outre, nos reportings personnalis\u00e9s sont mis \u00e0 votre disposition via une application sp\u00e9cifiques qui int\u00e8gre comptabilit\u00e9 analytique et consolidation et vous permet d\u2019aller jusqu\u2019\u00e0 l\u2019\u00e9criture et la pi\u00e8ce comptable.\t\t\t\t\t\t\t\t<\/div>\n\t\t\t\t<\/div>\n\t\t\t\t<div class=\"elementor-element elementor-element-5206dfa elementor-widget elementor-widget-heading\" data-id=\"5206dfa\" data-element_type=\"widget\" data-e-type=\"widget\" data-widget_type=\"heading.default\">\n\t\t\t\t<div class=\"elementor-widget-container\">\n\t\t\t\t\t<h6 class=\"elementor-heading-title elementor-size-default\">En outre, nous vous demandons:<\/h6>\t\t\t\t<\/div>\n\t\t\t\t<\/div>\n\t\t\t\t<div class=\"elementor-element elementor-element-d3f28ea elementor-widget elementor-widget-text-editor\" data-id=\"d3f28ea\" data-element_type=\"widget\" data-e-type=\"widget\" data-widget_type=\"text-editor.default\">\n\t\t\t\t<div class=\"elementor-widget-container\">\n\t\t\t\t\t\t\t\t\t<ul>\r\n \t<li>De d\u00e9signer TC comme mandataire Codabox en vue de la r\u00e9ception des mouvements bancaires de la soci\u00e9t\u00e9;<\/li>\r\n \t<li>D\u00e9signation de TC comme mandataire aupr\u00e8s des autorit\u00e9s fiscales (MyMinFin) afin de suivre votre dossier soci\u00e9t\u00e9<\/li>\r\n<\/ul>\r\nEnfin, nous vous sugg\u00e9rons\r\n<ul>\r\n \t<li>L\u2019utilisation d\u2019une application note de frais ventilant ceux-ci selon leur mode de paiement (cash\/carte de cr\u00e9dit\/carte de d\u00e9bit);<\/li>\r\n \t<li>L\u2019\u00e9mission des factures de vente en format \u00e9lectronique soit via une application adhoc<\/li>\r\n<\/ul>\t\t\t\t\t\t\t\t<\/div>\n\t\t\t\t<\/div>\n\t\t\t\t\t<\/div>\n\t\t<\/div>\n\t\t\t\t<div class=\"elementor-column elementor-col-50 elementor-top-column elementor-element elementor-element-f7948ec elementor-invisible\" data-id=\"f7948ec\" data-element_type=\"column\" data-e-type=\"column\" data-settings=\"{&quot;animation&quot;:&quot;fadeInUp&quot;}\">\n\t\t\t<div class=\"elementor-widget-wrap elementor-element-populated\">\n\t\t\t\t\t\t<div class=\"elementor-element elementor-element-bfb8928 elementor-widget elementor-widget-image\" data-id=\"bfb8928\" data-element_type=\"widget\" data-e-type=\"widget\" data-widget_type=\"image.default\">\n\t\t\t\t<div class=\"elementor-widget-container\">\n\t\t\t\t\t\t\t\t\t\t\t\t\t\t\t<img decoding=\"async\" src=\"https:\/\/www.taxconsult.be\/wp-content\/uploads\/elementor\/thumbs\/digital-approach-q7zxsf9jbpdi60e8atfeg2t4p4g5t4dfy6mjmutjts.jpg\" title=\"Approche Digitale\" alt=\"Approche Digitale\" loading=\"lazy\" \/>\t\t\t\t\t\t\t\t\t\t\t\t\t\t\t<\/div>\n\t\t\t\t<\/div>\n\t\t\t\t\t<\/div>\n\t\t<\/div>\n\t\t\t\t\t<\/div>\n\t\t<\/section>\n\t\t\t\t<section class=\"elementor-section elementor-top-section elementor-element elementor-element-68f888b elementor-section-boxed elementor-section-height-default elementor-section-height-default elementor-invisible\" data-id=\"68f888b\" data-element_type=\"section\" data-e-type=\"section\" data-settings=\"{&quot;background_background&quot;:&quot;classic&quot;,&quot;animation&quot;:&quot;fadeInUp&quot;}\">\n\t\t\t\t\t\t<div class=\"elementor-container elementor-column-gap-default\">\n\t\t\t\t\t<div class=\"elementor-column elementor-col-100 elementor-top-column elementor-element elementor-element-35d3020\" data-id=\"35d3020\" data-element_type=\"column\" data-e-type=\"column\">\n\t\t\t<div class=\"elementor-widget-wrap elementor-element-populated\">\n\t\t\t\t\t\t<div class=\"elementor-element elementor-element-ecc13b6 elementor-widget elementor-widget-heading\" data-id=\"ecc13b6\" data-element_type=\"widget\" data-e-type=\"widget\" data-widget_type=\"heading.default\">\n\t\t\t\t<div class=\"elementor-widget-container\">\n\t\t\t\t\t<h5 class=\"elementor-heading-title elementor-size-default\">Services offerts<\/h5>\t\t\t\t<\/div>\n\t\t\t\t<\/div>\n\t\t\t\t<div class=\"elementor-element elementor-element-b9939ec elementor-widget elementor-widget-heading\" data-id=\"b9939ec\" data-element_type=\"widget\" data-e-type=\"widget\" data-widget_type=\"heading.default\">\n\t\t\t\t<div class=\"elementor-widget-container\">\n\t\t\t\t\t<h2 class=\"elementor-heading-title elementor-size-default\">Nos services<\/h2>\t\t\t\t<\/div>\n\t\t\t\t<\/div>\n\t\t\t\t\t<\/div>\n\t\t<\/div>\n\t\t\t\t\t<\/div>\n\t\t<\/section>\n\t\t\t\t<section class=\"elementor-section elementor-top-section elementor-element elementor-element-73944c9 elementor-section-full_width elementor-section-height-default elementor-section-height-default elementor-invisible\" data-id=\"73944c9\" data-element_type=\"section\" data-e-type=\"section\" data-settings=\"{&quot;animation&quot;:&quot;fadeInUp&quot;}\">\n\t\t\t\t\t\t<div class=\"elementor-container elementor-column-gap-no\">\n\t\t\t\t\t<div class=\"elementor-column elementor-col-100 elementor-top-column elementor-element elementor-element-262df0c\" data-id=\"262df0c\" data-element_type=\"column\" data-e-type=\"column\">\n\t\t\t<div class=\"elementor-widget-wrap elementor-element-populated\">\n\t\t\t\t\t\t<div class=\"elementor-element elementor-element-68d9d27 elementor-widget elementor-widget-shortcode\" data-id=\"68d9d27\" data-element_type=\"widget\" data-e-type=\"widget\" data-widget_type=\"shortcode.default\">\n\t\t\t\t<div class=\"elementor-widget-container\">\n\t\t\t\t\t\t\t<div class=\"elementor-shortcode\"><div class=\"services-wrap bl\">\n                <div class=\"services-inner max-width\">\n                \t<div class=\"services-inner-bl\"><div class=\"services-bl\">\n                <div class=\"services-img\">\n                <img decoding=\"async\" src=\"https:\/\/www.taxconsult.be\/wp-content\/uploads\/2022\/07\/BenjaminBrolet_0424__.jpeg\">\n                <\/div>\n                <div class=\"services-title\">\n                    Accountancy\n                <\/div>\n                <div class=\"services-desc\">\n                  <div class=\"services-desc-content\">\n                    Le d\u00e9partement Accountancy se veut \u00eatre le bras droit du client et l\u2019accompagner dans tous ses projets professionnels et patrimoniaux.\r\n\r\n\n                  <\/div>\n                  <div class=\"services-cta\">\n                    <a class=\"btn\" href=\"https:\/\/www.taxconsult.be\/fr\/services\/accountancy\/\">Lire la suite<\/a>\n                  <\/div>\n                <\/div>\n                <\/div><div class=\"services-bl\">\n                <div class=\"services-img\">\n                <img decoding=\"async\" src=\"https:\/\/www.taxconsult.be\/wp-content\/uploads\/2022\/07\/BEN_6720__.jpeg\">\n                <\/div>\n                <div class=\"services-title\">\n                    Tax Advisory\n                <\/div>\n                <div class=\"services-desc\">\n                  <div class=\"services-desc-content\">\n                    Nos conseils fiscaux s\u00e9lectionn\u00e9s pour leur haut niveau de comp\u00e9tences et s\u2019appuyant non seulement sur une documentation professionnelle sp\u00e9cialis\u00e9e tant belge qu\u2019internationale.\n                  <\/div>\n                  <div class=\"services-cta\">\n                    <a class=\"btn\" href=\"https:\/\/www.taxconsult.be\/fr\/services\/tax-advisory-transfer-pricing\/\">Lire la suite<\/a>\n                  <\/div>\n                <\/div>\n                <\/div><div class=\"services-bl\">\n                <div class=\"services-img\">\n                <img decoding=\"async\" src=\"https:\/\/www.taxconsult.be\/wp-content\/uploads\/2022\/07\/BenjaminBrolet_0492__-1024x522-1.jpeg\">\n                <\/div>\n                <div class=\"services-title\">\n                    VAT\n                <\/div>\n                <div class=\"services-desc\">\n                  <div class=\"services-desc-content\">\n                    La TVA est devenue une pr\u00e9occupation fondamentale pour toute entreprise que celle-ci exerce une activit\u00e9 sur le seul territoire national, \u00e0 l\u2019international ou encore au sein d\u2019un groupe.\n                  <\/div>\n                  <div class=\"services-cta\">\n                    <a class=\"btn\" href=\"https:\/\/www.taxconsult.be\/fr\/services\/vat\/\">Lire la suite<\/a>\n                  <\/div>\n                <\/div>\n                <\/div><\/div><\/div>\n        <\/div><\/div>\n\t\t\t\t\t\t<\/div>\n\t\t\t\t<\/div>\n\t\t\t\t\t<\/div>\n\t\t<\/div>\n\t\t\t\t\t<\/div>\n\t\t<\/section>\n\t\t\t\t<\/div>\n\t\t","protected":false},"excerpt":{"rendered":"<p>Que ce soit pour votre dossier personnel ou pour celui de votre entreprise, nous vous proposons une collaboration active sous forme digitale qui vous permette une optimisation de vos processus&#8230;<\/p>\n","protected":false},"author":1,"featured_media":0,"parent":0,"menu_order":0,"comment_status":"closed","ping_status":"closed","template":"","meta":{"_acf_changed":false,"footnotes":""},"class_list":["post-11255","page","type-page","status-publish","hentry"],"acf":[],"yoast_head":"<!-- This site is optimized with the Yoast SEO plugin v27.4 - https:\/\/yoast.com\/product\/yoast-seo-wordpress\/ -->\n<title>Approche Digitale - Accountancy &amp; Advisory<\/title>\n<meta name=\"robots\" content=\"index, follow, max-snippet:-1, max-image-preview:large, max-video-preview:-1\" \/>\n<link rel=\"canonical\" href=\"https:\/\/www.taxconsult.be\/fr\/approche-digitale\/\" \/>\n<meta property=\"og:locale\" content=\"fr_FR\" \/>\n<meta property=\"og:type\" content=\"article\" \/>\n<meta property=\"og:title\" content=\"Approche Digitale - Accountancy &amp; Advisory\" \/>\n<meta property=\"og:description\" content=\"Que ce soit pour votre dossier personnel ou pour celui de votre entreprise, nous vous proposons une collaboration active sous forme digitale qui vous permette une optimisation de vos processus...\" \/>\n<meta property=\"og:url\" content=\"https:\/\/www.taxconsult.be\/fr\/approche-digitale\/\" \/>\n<meta property=\"og:site_name\" content=\"Accountancy &amp; Advisory\" \/>\n<meta property=\"article:modified_time\" content=\"2022-12-23T09:40:59+00:00\" \/>\n<meta property=\"og:image\" content=\"https:\/\/www.taxconsult.be\/wp-content\/uploads\/elementor\/thumbs\/digital-approach-pzjlfzfhpakqkpplcycs8pycfk0vf6t32nwf7xst5s.jpg\" \/>\n<meta name=\"twitter:card\" content=\"summary_large_image\" \/>\n<meta name=\"twitter:label1\" content=\"Est. reading time\" \/>\n\t<meta name=\"twitter:data1\" content=\"3 minutes\" \/>\n<script type=\"application\/ld+json\" class=\"yoast-schema-graph\">{\"@context\":\"https:\\\/\\\/schema.org\",\"@graph\":[{\"@type\":\"WebPage\",\"@id\":\"https:\\\/\\\/www.taxconsult.be\\\/fr\\\/approche-digitale\\\/\",\"url\":\"https:\\\/\\\/www.taxconsult.be\\\/fr\\\/approche-digitale\\\/\",\"name\":\"Approche Digitale - Accountancy &amp; Advisory\",\"isPartOf\":{\"@id\":\"https:\\\/\\\/www.taxconsult.be\\\/fr\\\/#website\"},\"primaryImageOfPage\":{\"@id\":\"https:\\\/\\\/www.taxconsult.be\\\/fr\\\/approche-digitale\\\/#primaryimage\"},\"image\":{\"@id\":\"https:\\\/\\\/www.taxconsult.be\\\/fr\\\/approche-digitale\\\/#primaryimage\"},\"thumbnailUrl\":\"https:\\\/\\\/www.taxconsult.be\\\/wp-content\\\/uploads\\\/elementor\\\/thumbs\\\/digital-approach-pzjlfzfhpakqkpplcycs8pycfk0vf6t32nwf7xst5s.jpg\",\"datePublished\":\"2022-08-25T21:49:03+00:00\",\"dateModified\":\"2022-12-23T09:40:59+00:00\",\"breadcrumb\":{\"@id\":\"https:\\\/\\\/www.taxconsult.be\\\/fr\\\/approche-digitale\\\/#breadcrumb\"},\"inLanguage\":\"fr-FR\",\"potentialAction\":[{\"@type\":\"ReadAction\",\"target\":[\"https:\\\/\\\/www.taxconsult.be\\\/fr\\\/approche-digitale\\\/\"]}]},{\"@type\":\"ImageObject\",\"inLanguage\":\"fr-FR\",\"@id\":\"https:\\\/\\\/www.taxconsult.be\\\/fr\\\/approche-digitale\\\/#primaryimage\",\"url\":\"https:\\\/\\\/www.taxconsult.be\\\/wp-content\\\/uploads\\\/elementor\\\/thumbs\\\/digital-approach-pzjlfzfhpakqkpplcycs8pycfk0vf6t32nwf7xst5s.jpg\",\"contentUrl\":\"https:\\\/\\\/www.taxconsult.be\\\/wp-content\\\/uploads\\\/elementor\\\/thumbs\\\/digital-approach-pzjlfzfhpakqkpplcycs8pycfk0vf6t32nwf7xst5s.jpg\"},{\"@type\":\"BreadcrumbList\",\"@id\":\"https:\\\/\\\/www.taxconsult.be\\\/fr\\\/approche-digitale\\\/#breadcrumb\",\"itemListElement\":[{\"@type\":\"ListItem\",\"position\":1,\"name\":\"Home\",\"item\":\"https:\\\/\\\/www.taxconsult.be\\\/fr\\\/\"},{\"@type\":\"ListItem\",\"position\":2,\"name\":\"Approche Digitale\"}]},{\"@type\":\"WebSite\",\"@id\":\"https:\\\/\\\/www.taxconsult.be\\\/fr\\\/#website\",\"url\":\"https:\\\/\\\/www.taxconsult.be\\\/fr\\\/\",\"name\":\"Accountancy &amp; Advisory\",\"description\":\"\",\"potentialAction\":[{\"@type\":\"SearchAction\",\"target\":{\"@type\":\"EntryPoint\",\"urlTemplate\":\"https:\\\/\\\/www.taxconsult.be\\\/fr\\\/?s={search_term_string}\"},\"query-input\":{\"@type\":\"PropertyValueSpecification\",\"valueRequired\":true,\"valueName\":\"search_term_string\"}}],\"inLanguage\":\"fr-FR\"}]}<\/script>\n<!-- \/ Yoast SEO plugin. -->","yoast_head_json":{"title":"Approche Digitale - Accountancy &amp; Advisory","robots":{"index":"index","follow":"follow","max-snippet":"max-snippet:-1","max-image-preview":"max-image-preview:large","max-video-preview":"max-video-preview:-1"},"canonical":"https:\/\/www.taxconsult.be\/fr\/approche-digitale\/","og_locale":"fr_FR","og_type":"article","og_title":"Approche Digitale - Accountancy &amp; Advisory","og_description":"Que ce soit pour votre dossier personnel ou pour celui de votre entreprise, nous vous proposons une collaboration active sous forme digitale qui vous permette une optimisation de vos processus...","og_url":"https:\/\/www.taxconsult.be\/fr\/approche-digitale\/","og_site_name":"Accountancy &amp; Advisory","article_modified_time":"2022-12-23T09:40:59+00:00","og_image":[{"url":"https:\/\/www.taxconsult.be\/wp-content\/uploads\/elementor\/thumbs\/digital-approach-pzjlfzfhpakqkpplcycs8pycfk0vf6t32nwf7xst5s.jpg","type":"","width":"","height":""}],"twitter_card":"summary_large_image","twitter_misc":{"Est. reading time":"3 minutes"},"schema":{"@context":"https:\/\/schema.org","@graph":[{"@type":"WebPage","@id":"https:\/\/www.taxconsult.be\/fr\/approche-digitale\/","url":"https:\/\/www.taxconsult.be\/fr\/approche-digitale\/","name":"Approche Digitale - Accountancy &amp; Advisory","isPartOf":{"@id":"https:\/\/www.taxconsult.be\/fr\/#website"},"primaryImageOfPage":{"@id":"https:\/\/www.taxconsult.be\/fr\/approche-digitale\/#primaryimage"},"image":{"@id":"https:\/\/www.taxconsult.be\/fr\/approche-digitale\/#primaryimage"},"thumbnailUrl":"https:\/\/www.taxconsult.be\/wp-content\/uploads\/elementor\/thumbs\/digital-approach-pzjlfzfhpakqkpplcycs8pycfk0vf6t32nwf7xst5s.jpg","datePublished":"2022-08-25T21:49:03+00:00","dateModified":"2022-12-23T09:40:59+00:00","breadcrumb":{"@id":"https:\/\/www.taxconsult.be\/fr\/approche-digitale\/#breadcrumb"},"inLanguage":"fr-FR","potentialAction":[{"@type":"ReadAction","target":["https:\/\/www.taxconsult.be\/fr\/approche-digitale\/"]}]},{"@type":"ImageObject","inLanguage":"fr-FR","@id":"https:\/\/www.taxconsult.be\/fr\/approche-digitale\/#primaryimage","url":"https:\/\/www.taxconsult.be\/wp-content\/uploads\/elementor\/thumbs\/digital-approach-pzjlfzfhpakqkpplcycs8pycfk0vf6t32nwf7xst5s.jpg","contentUrl":"https:\/\/www.taxconsult.be\/wp-content\/uploads\/elementor\/thumbs\/digital-approach-pzjlfzfhpakqkpplcycs8pycfk0vf6t32nwf7xst5s.jpg"},{"@type":"BreadcrumbList","@id":"https:\/\/www.taxconsult.be\/fr\/approche-digitale\/#breadcrumb","itemListElement":[{"@type":"ListItem","position":1,"name":"Home","item":"https:\/\/www.taxconsult.be\/fr\/"},{"@type":"ListItem","position":2,"name":"Approche Digitale"}]},{"@type":"WebSite","@id":"https:\/\/www.taxconsult.be\/fr\/#website","url":"https:\/\/www.taxconsult.be\/fr\/","name":"Accountancy &amp; Advisory","description":"","potentialAction":[{"@type":"SearchAction","target":{"@type":"EntryPoint","urlTemplate":"https:\/\/www.taxconsult.be\/fr\/?s={search_term_string}"},"query-input":{"@type":"PropertyValueSpecification","valueRequired":true,"valueName":"search_term_string"}}],"inLanguage":"fr-FR"}]}},"_links":{"self":[{"href":"https:\/\/www.taxconsult.be\/fr\/wp-json\/wp\/v2\/pages\/11255","targetHints":{"allow":["GET"]}}],"collection":[{"href":"https:\/\/www.taxconsult.be\/fr\/wp-json\/wp\/v2\/pages"}],"about":[{"href":"https:\/\/www.taxconsult.be\/fr\/wp-json\/wp\/v2\/types\/page"}],"author":[{"embeddable":true,"href":"https:\/\/www.taxconsult.be\/fr\/wp-json\/wp\/v2\/users\/1"}],"replies":[{"embeddable":true,"href":"https:\/\/www.taxconsult.be\/fr\/wp-json\/wp\/v2\/comments?post=11255"}],"version-history":[{"count":0,"href":"https:\/\/www.taxconsult.be\/fr\/wp-json\/wp\/v2\/pages\/11255\/revisions"}],"wp:attachment":[{"href":"https:\/\/www.taxconsult.be\/fr\/wp-json\/wp\/v2\/media?parent=11255"}],"curies":[{"name":"wp","href":"https:\/\/api.w.org\/{rel}","templated":true}]}}